{"id":1510,"date":"2020-05-14T13:17:37","date_gmt":"2020-05-14T11:17:37","guid":{"rendered":"https:\/\/prodes.info\/sustainable-construction\/"},"modified":"2022-08-29T10:03:35","modified_gmt":"2022-08-29T08:03:35","slug":"sustainable-construction","status":"publish","type":"page","link":"https:\/\/prodes.info\/en\/sustainable-construction\/","title":{"rendered":"Sustainable construction"},"content":{"rendered":"<p>[et_pb_section fb_built=&#8221;1&#8243; _builder_version=&#8221;4.4.5&#8243; background_color=&#8221;#dce3ec&#8221; use_background_color_gradient=&#8221;on&#8221; background_color_gradient_start=&#8221;#5272a0&#8243; background_color_gradient_end=&#8221;#dce3ec&#8221; background_image=&#8221;https:\/\/prodes.info\/wp-content\/uploads\/2020\/02\/dots-3.png&#8221; parallax=&#8221;on&#8221; custom_padding=&#8221;61px||3px|||&#8221; animation_style=&#8221;fade&#8221;][et_pb_row _builder_version=&#8221;4.4.5&#8243; custom_padding=&#8221;||77px|||&#8221;][et_pb_column type=&#8221;4_4&#8243; _builder_version=&#8221;4.4.5&#8243;][et_pb_blurb title=&#8221; Sustainable construction of livestock buildings and farms&#8221; image=&#8221;https:\/\/prodes.info\/wp-content\/uploads\/2020\/04\/icon-sostenibilidad.png&#8221; content_max_width=&#8221;1100px&#8221; _builder_version=&#8221;4.4.5&#8243; header_level=&#8221;h1&#8243; header_font=&#8221;Lato|700|||||||&#8221; header_text_align=&#8221;center&#8221; header_font_size=&#8221;40px&#8221; header_letter_spacing=&#8221;2px&#8221; body_font_size=&#8221;16px&#8221; body_line_height=&#8221;2em&#8221; header_font_size_tablet=&#8221;&#8221; header_font_size_phone=&#8221;30px&#8221; header_font_size_last_edited=&#8221;on|phone&#8221;][\/et_pb_blurb][\/et_pb_column][\/et_pb_row][\/et_pb_section][et_pb_section fb_built=&#8221;1&#8243; _builder_version=&#8221;4.4.5&#8243;][et_pb_row column_structure=&#8221;1_5,3_5,1_5&#8243; _builder_version=&#8221;4.4.5&#8243;][et_pb_column type=&#8221;1_5&#8243; _builder_version=&#8221;4.4.5&#8243;][\/et_pb_column][et_pb_column type=&#8221;3_5&#8243; _builder_version=&#8221;4.4.5&#8243;][et_pb_text _builder_version=&#8221;4.4.5&#8243; text_font_size=&#8221;16px&#8221; text_line_height=&#8221;2em&#8221;]<\/p>\n<p style=\"text-align: center;\">At Option Engineering we are committed to sustainable construction, we design farm construction projects implementing systems that favour minimum emission of greenhouse gases into the atmosphere.<\/p>\n<p>[\/et_pb_text][et_pb_divider divider_weight=&#8221;2px&#8221; _builder_version=&#8221;4.3.2&#8243; width=&#8221;100px&#8221; module_alignment=&#8221;center&#8221;][\/et_pb_divider][\/et_pb_column][et_pb_column type=&#8221;1_5&#8243; _builder_version=&#8221;4.4.5&#8243;][\/et_pb_column][\/et_pb_row][\/et_pb_section][et_pb_section fb_built=&#8221;1&#8243; _builder_version=&#8221;4.4.5&#8243; custom_padding=&#8221;0px||0px|||&#8221;][et_pb_row column_structure=&#8221;1_3,1_3,1_3&#8243; use_custom_gutter=&#8221;on&#8221; gutter_width=&#8221;1&#8243; make_equal=&#8221;on&#8221; _builder_version=&#8221;4.4.5&#8243; width=&#8221;100%&#8221; max_width=&#8221;2560px&#8221; custom_padding=&#8221;0px||2px|||&#8221;][et_pb_column type=&#8221;1_3&#8243; _builder_version=&#8221;4.4.5&#8243;][et_pb_image src=&#8221;https:\/\/prodes.info\/wp-content\/uploads\/2020\/05\/placas-solares-granja.jpg&#8221; title_text=&#8221;placas-solares-granja&#8221; show_in_lightbox=&#8221;on&#8221; use_overlay=&#8221;on&#8221; overlay_icon_color=&#8221;#5272a0&#8243; hover_icon=&#8221;%%51%%&#8221; _builder_version=&#8221;4.4.5&#8243; border_width_all=&#8221;2px&#8221; border_color_all=&#8221;#ffffff&#8221;][\/et_pb_image][\/et_pb_column][et_pb_column type=&#8221;1_3&#8243; _builder_version=&#8221;4.4.5&#8243;][et_pb_image src=&#8221;https:\/\/prodes.info\/wp-content\/uploads\/2020\/05\/construccion-sostenible-granja.jpg&#8221; title_text=&#8221;construccion-sostenible-granja&#8221; show_in_lightbox=&#8221;on&#8221; use_overlay=&#8221;on&#8221; overlay_icon_color=&#8221;#5272a0&#8243; hover_icon=&#8221;%%51%%&#8221; _builder_version=&#8221;4.4.5&#8243; border_width_all=&#8221;2px&#8221; border_color_all=&#8221;#ffffff&#8221;][\/et_pb_image][\/et_pb_column][et_pb_column type=&#8221;1_3&#8243; _builder_version=&#8221;4.4.5&#8243;][et_pb_image src=&#8221;https:\/\/prodes.info\/wp-content\/uploads\/2020\/05\/proyecto-sostenible-granja.jpg&#8221; title_text=&#8221;proyecto-sostenible-granja&#8221; show_in_lightbox=&#8221;on&#8221; use_overlay=&#8221;on&#8221; overlay_icon_color=&#8221;#5272a0&#8243; hover_icon=&#8221;%%51%%&#8221; _builder_version=&#8221;4.4.5&#8243; border_width_all=&#8221;2px&#8221; border_color_all=&#8221;#ffffff&#8221;][\/et_pb_image][\/et_pb_column][\/et_pb_row][et_pb_row column_structure=&#8221;1_3,1_3,1_3&#8243; use_custom_gutter=&#8221;on&#8221; gutter_width=&#8221;1&#8243; make_equal=&#8221;on&#8221; _builder_version=&#8221;4.4.5&#8243; width=&#8221;100%&#8221; max_width=&#8221;2560px&#8221; custom_padding=&#8221;0px|||||&#8221;][et_pb_column type=&#8221;1_3&#8243; _builder_version=&#8221;4.4.5&#8243;][et_pb_image src=&#8221;https:\/\/prodes.info\/wp-content\/uploads\/2020\/05\/suelo-radiante-granja.jpg&#8221; title_text=&#8221;suelo-radiante-granja&#8221; show_in_lightbox=&#8221;on&#8221; use_overlay=&#8221;on&#8221; overlay_icon_color=&#8221;#5272a0&#8243; hover_icon=&#8221;%%51%%&#8221; _builder_version=&#8221;4.4.5&#8243; border_width_all=&#8221;2px&#8221; border_color_all=&#8221;#ffffff&#8221;][\/et_pb_image][\/et_pb_column][et_pb_column type=&#8221;1_3&#8243; _builder_version=&#8221;4.4.5&#8243;][et_pb_image src=&#8221;https:\/\/prodes.info\/wp-content\/uploads\/2020\/05\/ingenieria-sostenible-granja.jpg&#8221; title_text=&#8221;ingenieria-sostenible-granja&#8221; show_in_lightbox=&#8221;on&#8221; use_overlay=&#8221;on&#8221; overlay_icon_color=&#8221;#5272a0&#8243; hover_icon=&#8221;%%51%%&#8221; _builder_version=&#8221;4.4.5&#8243; border_width_all=&#8221;2px&#8221; border_color_all=&#8221;#ffffff&#8221;][\/et_pb_image][\/et_pb_column][et_pb_column type=&#8221;1_3&#8243; _builder_version=&#8221;4.4.5&#8243;][et_pb_image src=&#8221;https:\/\/prodes.info\/wp-content\/uploads\/2020\/05\/construcciones-sostenibles-granja.jpg&#8221; title_text=&#8221;construcciones-sostenibles-granja&#8221; show_in_lightbox=&#8221;on&#8221; use_overlay=&#8221;on&#8221; overlay_icon_color=&#8221;#5272a0&#8243; hover_icon=&#8221;%%51%%&#8221; _builder_version=&#8221;4.4.5&#8243; border_width_all=&#8221;2px&#8221; border_color_all=&#8221;#ffffff&#8221;][\/et_pb_image][\/et_pb_column][\/et_pb_row][\/et_pb_section][et_pb_section fb_built=&#8221;1&#8243; _builder_version=&#8221;4.4.5&#8243; background_enable_image=&#8221;off&#8221; background_size=&#8221;initial&#8221; background_position=&#8221;bottom_right&#8221; custom_padding=&#8221;||4px|||&#8221;][et_pb_row _builder_version=&#8221;4.4.5&#8243;][et_pb_column type=&#8221;4_4&#8243; _builder_version=&#8221;4.4.5&#8243;][et_pb_text _builder_version=&#8221;4.4.5&#8243; text_font=&#8221;||||||||&#8221; text_text_color=&#8221;#5272a0&#8243; text_letter_spacing=&#8221;2px&#8221; header_font=&#8221;Lato|700|||||||&#8221; header_text_color=&#8221;#48424c&#8221; header_font_size=&#8221;40px&#8221; header_2_font=&#8221;Lato|700|||||||&#8221; header_2_text_color=&#8221;#48424c&#8221; header_2_font_size=&#8221;40px&#8221; header_2_letter_spacing=&#8221;2px&#8221; header_2_line_height=&#8221;1.2em&#8221; header_5_font=&#8221;Oswald|||on|||||&#8221; header_5_text_color=&#8221;rgba(0,0,0,0.4)&#8221; header_5_font_size=&#8221;20px&#8221; header_5_letter_spacing=&#8221;3px&#8221; text_orientation=&#8221;center&#8221; max_width=&#8221;600px&#8221; module_alignment=&#8221;center&#8221; custom_margin=&#8221;||23px|||&#8221; text_line_height_last_edited=&#8221;off|desktop&#8221; header_font_size_tablet=&#8221;&#8221; header_font_size_phone=&#8221;30px&#8221; header_font_size_last_edited=&#8221;on|phone&#8221; header_2_font_size_tablet=&#8221;&#8221; header_2_font_size_phone=&#8221;30px&#8221; header_2_font_size_last_edited=&#8221;on|phone&#8221;]<\/p>\n<p>OPTION ENGINEERING<\/p>\n<h2><strong>Our methods for the construction of sustainable pig farms<\/strong><\/h2>\n<p>&nbsp;<\/p>\n<p>[\/et_pb_text][et_pb_divider divider_weight=&#8221;2px&#8221; _builder_version=&#8221;4.3.2&#8243; width=&#8221;100px&#8221; module_alignment=&#8221;center&#8221;][\/et_pb_divider][et_pb_text _builder_version=&#8221;4.4.5&#8243; text_font_size=&#8221;16px&#8221; text_line_height=&#8221;2em&#8221;]<\/p>\n<p style=\"text-align: center;\">We work using efficient <strong>methods for constructing sustainable pig farms<\/strong>; our goal is to achieve zero energy consumption (NZEB: Nearly zero energy buildings).<\/p>\n<p>[\/et_pb_text][\/et_pb_column][\/et_pb_row][et_pb_row column_structure=&#8221;1_2,1_2&#8243; use_custom_gutter=&#8221;on&#8221; gutter_width=&#8221;2&#8243; make_equal=&#8221;on&#8221; _builder_version=&#8221;4.4.5&#8243;][et_pb_column type=&#8221;1_2&#8243; _builder_version=&#8221;4.4.5&#8243; custom_padding=&#8221;5%|5%|5%|5%|false|true&#8221; border_width_all=&#8221;1px&#8221; border_color_all=&#8221;#97aac6&#8243; border_style_all=&#8221;dotted&#8221;][et_pb_blurb title=&#8221;Use of renewable energy&#8221; _builder_version=&#8221;4.4.5&#8243; header_level=&#8221;h3&#8243; header_font=&#8221;Lato|700|||||||&#8221; header_text_align=&#8221;center&#8221; header_text_color=&#8221;#5272a0&#8243; header_letter_spacing=&#8221;1px&#8221; body_line_height=&#8221;2em&#8221;]<\/p>\n<p style=\"text-align: center;\">The <strong>use of renewable forms of energy<\/strong>, such as photovoltaic, geothermal and aerothermal, provides numerous advantages.<\/p>\n<p style=\"text-align: center;\">Resorting to a clean energy source that respects the environment enables both greater energy savings and <strong>reduced CO<sub>2<\/sub> emissions<\/strong> to be achieved. Thus, we contribute to the facilities not polluting the atmosphere and to mitigating climate change as much as possible, as well as to reducing the farm\u2019s maintenance costs.<\/p>\n<p>[\/et_pb_blurb][\/et_pb_column][et_pb_column type=&#8221;1_2&#8243; _builder_version=&#8221;4.4.5&#8243; custom_padding=&#8221;5%|5%|5%|5%|true|true&#8221; border_width_all=&#8221;1px&#8221; border_color_all=&#8221;#97aac6&#8243; border_style_all=&#8221;dotted&#8221;][et_pb_blurb title=&#8221;Construction of passive buildings&#8221; _builder_version=&#8221;4.4.5&#8243; header_level=&#8221;h3&#8243; header_font=&#8221;Lato|700|||||||&#8221; header_text_align=&#8221;center&#8221; header_text_color=&#8221;#5272a0&#8243; header_letter_spacing=&#8221;1px&#8221; body_line_height=&#8221;2em&#8221;]<\/p>\n<p style=\"text-align: center;\">We employ mathematical algorithms to enable us to design <strong>buildings that use solar energy efficiently, from the point of view of both heating-cooling and natural lighting. <\/strong><\/p>\n<p style=\"text-align: center;\">We implement construction models that <strong>harness solar energy<\/strong> that include Trombe walls, solar chimneys, solar facades, and geothermal heat.<\/p>\n<p style=\"text-align: center;\">To achieve optimal climate conditioning for farms, our designs make use of the most efficient systems on the market for <strong>insulation, airtightness, ventilation, and to avoid thermal bridges<\/strong>. We nurture every aspect of farm climate conditioning to achieve a result that provides superior quality.<\/p>\n<p>[\/et_pb_blurb][\/et_pb_column][\/et_pb_row][\/et_pb_section][et_pb_section fb_built=&#8221;1&#8243; admin_label=&#8221;Listings&#8221; _builder_version=&#8221;4.4.7&#8243; custom_margin=&#8221;1px|||||&#8221; custom_padding=&#8221;0px||88px||false|false&#8221; bottom_divider_style=&#8221;ramp&#8221; bottom_divider_color=&#8221;#97aac6&#8243;][\/et_pb_section][et_pb_section fb_built=&#8221;1&#8243; admin_label=&#8221;Learn Section&#8221; _builder_version=&#8221;4.3.2&#8243; background_color=&#8221;#97aac6&#8243; background_image=&#8221;https:\/\/prodes.info\/wp-content\/uploads\/2020\/02\/bg-4.png&#8221; background_size=&#8221;initial&#8221; background_position=&#8221;top_left&#8221; custom_padding=&#8221;80px|0px|200px|0px|false|false&#8221; bottom_divider_style=&#8221;ramp&#8221; bottom_divider_color=&#8221;#48424c&#8221; bottom_divider_flip=&#8221;horizontal&#8221; global_module=&#8221;972&#8243; saved_tabs=&#8221;all&#8221; locked=&#8221;off&#8221;][et_pb_row _builder_version=&#8221;3.25&#8243; custom_padding=&#8221;||13px|||&#8221;][et_pb_column type=&#8221;4_4&#8243; _builder_version=&#8221;3.25&#8243; custom_padding=&#8221;|||&#8221; custom_padding__hover=&#8221;|||&#8221;][et_pb_text _builder_version=&#8221;4.3.2&#8243; text_font=&#8221;Lora||||||||&#8221; text_font_size=&#8221;18px&#8221; text_line_height=&#8221;2em&#8221; header_font=&#8221;||||||||&#8221; header_2_font=&#8221;Lora|700|||||||&#8221; header_2_font_size=&#8221;50px&#8221; header_2_line_height=&#8221;1.5em&#8221; header_5_font=&#8221;Oswald|||on|||||&#8221; header_5_text_color=&#8221;rgba(255,255,255,0.4)&#8221; header_5_font_size=&#8221;20px&#8221; header_5_letter_spacing=&#8221;3px&#8221; header_5_line_height=&#8221;1.7em&#8221; text_orientation=&#8221;center&#8221; background_layout=&#8221;dark&#8221; max_width=&#8221;750px&#8221; module_alignment=&#8221;center&#8221; custom_padding=&#8221;|||&#8221; text_line_height_last_edited=&#8221;off|desktop&#8221; header_2_font_size_tablet=&#8221;&#8221; header_2_font_size_phone=&#8221;36px&#8221; header_2_font_size_last_edited=&#8221;on|desktop&#8221;]<\/p>\n<h5><img loading=\"lazy\" decoding=\"async\" src=\"https:\/\/prodes.info\/wp-content\/uploads\/2020\/02\/logo-blanco-grande-300x86.png\" width=\"300\" height=\"86\" alt=\"\" class=\"wp-image-16 alignnone size-medium\" \/><\/h5>\n<h2><\/h2>\n<p>[\/et_pb_text][et_pb_text _builder_version=&#8221;4.4.7&#8243; text_font=&#8221;|300|||||||&#8221; text_font_size=&#8221;20px&#8221; text_line_height=&#8221;2em&#8221; link_font=&#8221;||||||||&#8221; ul_font=&#8221;||||||||&#8221; ol_font=&#8221;||||||||&#8221; quote_font=&#8221;||||||||&#8221; header_font=&#8221;||||||||&#8221; header_2_font=&#8221;||||||||&#8221; header_3_font=&#8221;Oswald|||on|||||&#8221; header_3_font_size=&#8221;20px&#8221; header_3_letter_spacing=&#8221;3px&#8221; header_3_line_height=&#8221;1.5em&#8221; header_4_font=&#8221;||||||||&#8221; text_orientation=&#8221;center&#8221; background_layout=&#8221;dark&#8221; module_alignment=&#8221;center&#8221; text_font_size_tablet=&#8221;&#8221; text_font_size_phone=&#8221;16px&#8221; text_font_size_last_edited=&#8221;on|phone&#8221; text_line_height_last_edited=&#8221;off|desktop&#8221;]<\/p>\n<p>We are <strong>consultant engineers specialising<\/strong> in farm construction project management&nbsp;<\/p>\n<p>[\/et_pb_text][\/et_pb_column][\/et_pb_row][et_pb_row column_structure=&#8221;1_2,1_2&#8243; use_custom_gutter=&#8221;on&#8221; gutter_width=&#8221;2&#8243; make_equal=&#8221;on&#8221; _builder_version=&#8221;4.4.7&#8243;][et_pb_column type=&#8221;1_2&#8243; _builder_version=&#8221;4.3.2&#8243; background_color=&#8221;rgba(220,227,236,0.38)&#8221; custom_padding=&#8221;5%|5%|5%|5%|true|true&#8221;][et_pb_image src=&#8221;https:\/\/prodes.info\/wp-content\/uploads\/2020\/02\/icon-localizacion.png&#8221; align=&#8221;center&#8221; _builder_version=&#8221;4.3.2&#8243; width=&#8221;80px&#8221; animation_style=&#8221;fold&#8221;][\/et_pb_image][et_pb_text _builder_version=&#8221;4.4.7&#8243; text_font=&#8221;|700|||||||&#8221; text_text_color=&#8221;#48424c&#8221; text_font_size=&#8221;20px&#8221; link_font=&#8221;||||||||&#8221; ul_font=&#8221;||||||||&#8221; ol_font=&#8221;||||||||&#8221; quote_font=&#8221;||||||||&#8221; header_font=&#8221;||||||||&#8221; header_2_font=&#8221;||||||||&#8221; header_3_font=&#8221;Oswald|||on|||||&#8221; header_3_font_size=&#8221;20px&#8221; header_3_letter_spacing=&#8221;3px&#8221; header_3_line_height=&#8221;1.5em&#8221; header_4_font=&#8221;||||||||&#8221; text_orientation=&#8221;center&#8221; background_layout=&#8221;dark&#8221; module_alignment=&#8221;center&#8221; text_line_height_last_edited=&#8221;off|desktop&#8221;]<\/p>\n<p><span>PCiTAL-Parc de Gardeny, edificio TIC, despacho 12, 25003-Lleida<\/span><\/p>\n<p>[\/et_pb_text][\/et_pb_column][et_pb_column type=&#8221;1_2&#8243; _builder_version=&#8221;4.3.2&#8243; background_color=&#8221;rgba(220,227,236,0.38)&#8221; custom_padding=&#8221;5%|5%|5%|5%|true|true&#8221;][et_pb_image src=&#8221;https:\/\/prodes.info\/wp-content\/uploads\/2020\/02\/icon-mail.png&#8221; align=&#8221;center&#8221; _builder_version=&#8221;4.3.2&#8243; width=&#8221;80px&#8221; animation_style=&#8221;fold&#8221;][\/et_pb_image][et_pb_text _builder_version=&#8221;4.4.7&#8243; text_font=&#8221;|700|||||||&#8221; text_text_color=&#8221;#48424c&#8221; text_font_size=&#8221;20px&#8221;]<\/p>\n<p style=\"text-align: center;\">info@prodes.info<\/p>\n<p>[\/et_pb_text][\/et_pb_column][\/et_pb_row][\/et_pb_section][et_pb_section fb_built=&#8221;1&#8243; admin_label=&#8221;Footer Section&#8221; _builder_version=&#8221;4.3.2&#8243; background_color=&#8221;#232220&#8243; use_background_color_gradient=&#8221;on&#8221; background_color_gradient_start=&#8221;#48424c&#8221; background_color_gradient_end=&#8221;rgba(35,34,32,0.13)&#8221; background_color_gradient_start_position=&#8221;25%&#8221; background_color_gradient_overlays_image=&#8221;on&#8221; background_image=&#8221;https:\/\/prodes.info\/wp-content\/uploads\/2020\/02\/dots-3.png&#8221; custom_padding=&#8221;80px|0px|80px|0px|true|false&#8221; global_module=&#8221;1005&#8243; saved_tabs=&#8221;all&#8221;][et_pb_row column_structure=&#8221;1_5,3_5,1_5&#8243; admin_label=&#8221;subscribe&#8221; _builder_version=&#8221;4.3.2&#8243; custom_margin=&#8221;|||&#8221; custom_padding=&#8221;|||&#8221; animation_style=&#8221;slide&#8221; animation_direction=&#8221;bottom&#8221; animation_intensity_slide=&#8221;20%&#8221; animation_starting_opacity=&#8221;100%&#8221;][et_pb_column type=&#8221;1_5&#8243; _builder_version=&#8221;3.25&#8243; custom_padding=&#8221;|||&#8221; custom_padding__hover=&#8221;|||&#8221;][\/et_pb_column][et_pb_column type=&#8221;3_5&#8243; _builder_version=&#8221;3.25&#8243; custom_padding=&#8221;|||&#8221; custom_padding__hover=&#8221;|||&#8221;][et_pb_text _builder_version=&#8221;4.3.2&#8243; text_font=&#8221;||||||||&#8221; text_text_color=&#8221;#dce3ec&#8221; text_letter_spacing=&#8221;2px&#8221; header_font=&#8221;||||||||&#8221; header_2_font=&#8221;Lato|700|||||||&#8221; header_2_text_color=&#8221;#ffffff&#8221; header_2_font_size=&#8221;50px&#8221; header_2_letter_spacing=&#8221;2px&#8221; header_2_line_height=&#8221;1.2em&#8221; header_5_font=&#8221;Oswald|||on|||||&#8221; header_5_text_color=&#8221;rgba(0,0,0,0.4)&#8221; header_5_font_size=&#8221;20px&#8221; header_5_letter_spacing=&#8221;3px&#8221; text_orientation=&#8221;center&#8221; max_width=&#8221;600px&#8221; module_alignment=&#8221;center&#8221; text_line_height_last_edited=&#8221;off|desktop&#8221; header_2_font_size_tablet=&#8221;&#8221; header_2_font_size_phone=&#8221;30px&#8221; header_2_font_size_last_edited=&#8221;on|phone&#8221;]<\/p>\n<p>We\u2019d love to hear from you<\/p>\n<h2>Tell us about your project<\/h2>\n<p>[\/et_pb_text][\/et_pb_column][et_pb_column type=&#8221;1_5&#8243; _builder_version=&#8221;3.25&#8243; custom_padding=&#8221;|||&#8221; custom_padding__hover=&#8221;|||&#8221;][\/et_pb_column][\/et_pb_row][et_pb_row column_structure=&#8221;1_2,1_2&#8243; _builder_version=&#8221;4.4.7&#8243;][et_pb_column type=&#8221;1_2&#8243; _builder_version=&#8221;4.4.7&#8243;][et_pb_code _builder_version=&#8221;4.3.2&#8243;]<div class=\"wpcf7 no-js\" id=\"wpcf7-f8-o1\" lang=\"es-ES\" dir=\"ltr\">\n<div class=\"screen-reader-response\"><p role=\"status\" aria-live=\"polite\" aria-atomic=\"true\"><\/p> <ul><\/ul><\/div>\n<form action=\"\/en\/wp-json\/wp\/v2\/pages\/1510#wpcf7-f8-o1\" method=\"post\" class=\"wpcf7-form init wpcf7-acceptance-as-validation\" aria-label=\"Formulario de contacto\" novalidate=\"novalidate\" data-status=\"init\">\n<div style=\"display: none;\">\n<input type=\"hidden\" name=\"_wpcf7\" value=\"8\" \/>\n<input type=\"hidden\" name=\"_wpcf7_version\" value=\"5.7\" \/>\n<input type=\"hidden\" name=\"_wpcf7_locale\" value=\"es_ES\" \/>\n<input type=\"hidden\" name=\"_wpcf7_unit_tag\" value=\"wpcf7-f8-o1\" \/>\n<input type=\"hidden\" name=\"_wpcf7_container_post\" value=\"0\" \/>\n<input type=\"hidden\" name=\"_wpcf7_posted_data_hash\" value=\"\" \/>\n<\/div>\n<p>https:\/\/prodes.info\n<\/p><div class=\"wpcf7-response-output\" aria-hidden=\"true\"><\/div><\/form><\/div>[\/et_pb_code][\/et_pb_column][et_pb_column type=&#8221;1_2&#8243; _builder_version=&#8221;4.4.7&#8243;][et_pb_text _builder_version=&#8221;4.4.7&#8243; text_text_color=&#8221;#ffffff&#8221;]<\/p>\n<table width=\"100%\">\n<tbody>\n<tr>\n<td colspan=\"2\"><strong>INFORMACI\u00d3N B\u00c1SICA SOBRE PROTECCI\u00d3N DE DATOS<\/strong><\/td>\n<\/tr>\n<tr>\n<td><strong>Responsable del tratamiento<\/strong><\/td>\n<td>OPTION ENGINEERING S.L.<\/td>\n<\/tr>\n<tr>\n<td><strong>Direcci\u00f3n del responsable<\/strong><\/td>\n<td>PCiTal-Parc Gardeny , despacho 12, 25003-Lleida<\/td>\n<\/tr>\n<tr>\n<td><strong>Finalidad<\/strong><\/td>\n<td>Sus datos ser\u00e1n usados para poder atender sus solicitudes y prestarle nuestros servicios.<\/td>\n<\/tr>\n<tr>\n<td><strong>Publicidad<\/strong><\/td>\n<td>Solo le enviaremos publicidad con su autorizaci\u00f3n previa, que podr\u00e1 facilitarnos mediante la casilla correspondiente establecida al efecto.<\/td>\n<\/tr>\n<tr>\n<td><strong>Legitimaci\u00f3n<\/strong><\/td>\n<td>\u00danicamente trataremos sus datos con su consentimiento previo, que podr\u00e1 facilitarnos mediante la casilla correspondiente establecida al efecto.<\/td>\n<\/tr>\n<tr>\n<td><strong>Destinatarios<\/strong><\/td>\n<td>Con car\u00e1cter general, s\u00f3lo el personal de nuestra entidad que est\u00e9 debidamente autorizado podr\u00e1 tener conocimiento de la informaci\u00f3n que le pedimos.<\/td>\n<\/tr>\n<tr>\n<td><strong>Derechos<\/strong><\/td>\n<td>Tiene derecho a saber qu\u00e9 informaci\u00f3n tenemos sobre usted, corregirla y eliminarla, tal y como se explica en la informaci\u00f3n adicional disponible en nuestra p\u00e1gina web.<\/td>\n<\/tr>\n<tr>\n<td><strong>Informaci\u00f3n adicional<\/strong><\/td>\n<td>M\u00e1s informaci\u00f3n en el apartado <strong>\u201c<a href=\"https:\/\/prodes.info\/en\/legal-notice-privacy-policy-and-data-protection\/\" target=\"_blank\" rel=\"noopener noreferrer\">SUS DATOS SEGUROS<\/a>\u201d<\/strong> de nuestra p\u00e1gina web.<\/td>\n<\/tr>\n<\/tbody>\n<\/table>\n<p>\u00a0[\/et_pb_text][\/et_pb_column][\/et_pb_row][\/et_pb_section]<\/p>\n","protected":false},"excerpt":{"rendered":"<p>At Option Engineering we are committed to sustainable construction, we design farm construction projects implementing systems that favour minimum emission of greenhouse gases into the atmosphere.OPTION ENGINEERING Our methods for the construction of sustainable pig farms &nbsp;We work using efficient methods for constructing sustainable pig farms; our goal is to achieve zero energy consumption (NZEB: [&hellip;]<\/p>\n","protected":false},"author":1,"featured_media":0,"parent":0,"menu_order":0,"comment_status":"closed","ping_status":"closed","template":"","meta":{"_et_pb_use_builder":"on","_et_pb_old_content":"","_et_gb_content_width":"","footnotes":""},"class_list":["post-1510","page","type-page","status-publish","hentry"],"_links":{"self":[{"href":"https:\/\/prodes.info\/en\/wp-json\/wp\/v2\/pages\/1510","targetHints":{"allow":["GET"]}}],"collection":[{"href":"https:\/\/prodes.info\/en\/wp-json\/wp\/v2\/pages"}],"about":[{"href":"https:\/\/prodes.info\/en\/wp-json\/wp\/v2\/types\/page"}],"author":[{"embeddable":true,"href":"https:\/\/prodes.info\/en\/wp-json\/wp\/v2\/users\/1"}],"replies":[{"embeddable":true,"href":"https:\/\/prodes.info\/en\/wp-json\/wp\/v2\/comments?post=1510"}],"version-history":[{"count":2,"href":"https:\/\/prodes.info\/en\/wp-json\/wp\/v2\/pages\/1510\/revisions"}],"predecessor-version":[{"id":1512,"href":"https:\/\/prodes.info\/en\/wp-json\/wp\/v2\/pages\/1510\/revisions\/1512"}],"wp:attachment":[{"href":"https:\/\/prodes.info\/en\/wp-json\/wp\/v2\/media?parent=1510"}],"curies":[{"name":"wp","href":"https:\/\/api.w.org\/{rel}","templated":true}]}}