{"id":1516,"date":"2020-05-26T12:28:18","date_gmt":"2020-05-26T10:28:18","guid":{"rendered":"https:\/\/prodes.info\/construction-of-livestock-farms-and-buildings\/"},"modified":"2022-08-29T10:35:21","modified_gmt":"2022-08-29T08:35:21","slug":"construction-of-livestock-farms-and-buildings","status":"publish","type":"page","link":"https:\/\/prodes.info\/en\/construction-of-livestock-farms-and-buildings\/","title":{"rendered":"Construction of livestock farms and buildings"},"content":{"rendered":"<p>[et_pb_section fb_built=&#8221;1&#8243; fullwidth=&#8221;on&#8221; _builder_version=&#8221;4.4.5&#8243; background_image=&#8221;https:\/\/prodes.info\/wp-content\/uploads\/2020\/02\/ingenieros-granjas.jpg&#8221;][et_pb_fullwidth_header title=&#8221;Construction of livestock farms and buildings&#8221; text_orientation=&#8221;center&#8221; content_max_width=&#8221;70%&#8221; _builder_version=&#8221;4.6.1&#8243; title_font=&#8221;Lato|700|||||||&#8221; title_text_align=&#8221;center&#8221; title_text_color=&#8221;#ffffff&#8221; title_font_size=&#8221;40px&#8221; title_letter_spacing=&#8221;2px&#8221; content_text_align=&#8221;center&#8221; content_text_color=&#8221;#ffffff&#8221; content_font_size=&#8221;18px&#8221; content_line_height=&#8221;2em&#8221; background_color=&#8221;rgba(0,0,0,0)&#8221; use_background_color_gradient=&#8221;on&#8221; background_color_gradient_start=&#8221;#070706&#8243; background_color_gradient_end=&#8221;rgba(220,227,236,0)&#8221; background_image=&#8221;https:\/\/prodes.info\/wp-content\/uploads\/2020\/02\/dots-2.png&#8221; module_alignment=&#8221;center&#8221; custom_padding=&#8221;6vw||12vw||false|false&#8221; animation_style=&#8221;fade&#8221; hover_enabled=&#8221;0&#8243; content_font_size_tablet=&#8221;&#8221; content_font_size_phone=&#8221;14px&#8221; content_font_size_last_edited=&#8221;on|phone&#8221; null=&#8221;#5272a0&#8243; sticky_enabled=&#8221;0&#8243;]<\/p>\n<p>During the construction stage, we typically have to co-ordinate around 60 supplier companies and their various work teams, which, on average, means handling a team of 50 people on site. By implementing exhaustive monitoring of building execution, a highly experienced team and the best technical means, our projects are completed with total success.<\/p>\n<p>[\/et_pb_fullwidth_header][\/et_pb_section][et_pb_section fb_built=&#8221;1&#8243; _builder_version=&#8221;4.4.5&#8243; background_image=&#8221;https:\/\/prodes.info\/wp-content\/uploads\/2020\/02\/bg-4.png&#8221; background_size=&#8221;initial&#8221; background_position=&#8221;bottom_right&#8221; custom_padding=&#8221;||73px|||&#8221;][et_pb_row _builder_version=&#8221;4.4.5&#8243;][et_pb_column type=&#8221;4_4&#8243; _builder_version=&#8221;4.4.5&#8243;][et_pb_text _builder_version=&#8221;4.6.1&#8243; text_font=&#8221;||||||||&#8221; text_text_color=&#8221;#f9b31f&#8221; text_letter_spacing=&#8221;2px&#8221; header_font=&#8221;Lato|700|||||||&#8221; header_text_color=&#8221;#48424c&#8221; header_font_size=&#8221;40px&#8221; header_2_font=&#8221;Lato|700|||||||&#8221; header_2_text_color=&#8221;#070706&#8243; header_2_font_size=&#8221;40px&#8221; header_2_letter_spacing=&#8221;2px&#8221; header_2_line_height=&#8221;1.2em&#8221; header_5_font=&#8221;Oswald|||on|||||&#8221; header_5_text_color=&#8221;rgba(0,0,0,0.4)&#8221; header_5_font_size=&#8221;20px&#8221; header_5_letter_spacing=&#8221;3px&#8221; text_orientation=&#8221;center&#8221; max_width=&#8221;600px&#8221; module_alignment=&#8221;center&#8221; custom_margin=&#8221;||23px|||&#8221; hover_enabled=&#8221;0&#8243; text_line_height_last_edited=&#8221;off|desktop&#8221; header_font_size_tablet=&#8221;&#8221; header_font_size_phone=&#8221;30px&#8221; header_font_size_last_edited=&#8221;on|phone&#8221; header_2_font_size_tablet=&#8221;&#8221; header_2_font_size_phone=&#8221;30px&#8221; header_2_font_size_last_edited=&#8221;on|phone&#8221; sticky_enabled=&#8221;0&#8243;]<\/p>\n<p>PRODES<\/p>\n<h2><strong>We are construction experts<\/strong><\/h2>\n<p>&nbsp;<\/p>\n<p>[\/et_pb_text][et_pb_divider divider_weight=&#8221;2px&#8221; _builder_version=&#8221;4.6.1&#8243; width=&#8221;100px&#8221; module_alignment=&#8221;center&#8221; hover_enabled=&#8221;0&#8243; color=&#8221;#f9b31f&#8221; sticky_enabled=&#8221;0&#8243;][\/et_pb_divider][\/et_pb_column][\/et_pb_row][et_pb_row column_structure=&#8221;3_5,2_5&#8243; _builder_version=&#8221;4.4.5&#8243;][et_pb_column type=&#8221;3_5&#8243; _builder_version=&#8221;4.4.5&#8243;][et_pb_text _builder_version=&#8221;4.4.7&#8243; text_font_size=&#8221;16px&#8221; text_line_height=&#8221;2em&#8221;]<\/p>\n<p style=\"text-align: justify;\">Throughout our history, we have carried out numerous projects with which we have exceeded our customers\u2019 expectations \u2013 we are <strong>the construction experts<\/strong>.<\/p>\n<p style=\"text-align: justify;\">We run a <strong>checklist of up to 700 items on quality control and on-site occupational health &amp; safety<\/strong>, which are written into the contract and form part of our day-to-day work. With that, we aim to guarantee the end quality expected by the project developer.<\/p>\n<p>[\/et_pb_text][et_pb_image src=&#8221;https:\/\/prodes.info\/wp-content\/uploads\/2020\/05\/construccion-granjas-option-engineering.jpg&#8221; alt=&#8221;COnstrucci\u00f3n granjas&#8221; title_text=&#8221;COnstrucci\u00f3n de granjas&#8221; _builder_version=&#8221;4.4.8&#8243;][\/et_pb_image][\/et_pb_column][et_pb_column type=&#8221;2_5&#8243; _builder_version=&#8221;4.4.5&#8243;][et_pb_image src=&#8221;https:\/\/prodes.info\/wp-content\/uploads\/2020\/06\/control-calidad-app.jpg&#8221; alt=&#8221;Control de calidad App&#8221; title_text=&#8221;Control de calidad App&#8221; _builder_version=&#8221;4.4.8&#8243; box_shadow_style=&#8221;preset3&#8243;][\/et_pb_image][\/et_pb_column][\/et_pb_row][\/et_pb_section][et_pb_section fb_built=&#8221;1&#8243; _builder_version=&#8221;4.6.1&#8243; background_color=&#8221;#070706&#8243; background_enable_image=&#8221;off&#8221; bottom_divider_flip=&#8221;horizontal&#8221; hover_enabled=&#8221;0&#8243; border_width_left=&#8221;30px&#8221; border_color_left=&#8221;#f4f4f4&#8243; border_width_all_tablet=&#8221;&#8221; border_width_all_phone=&#8221;&#8221; border_width_all_last_edited=&#8221;on|phone&#8221; border_width_left_tablet=&#8221;&#8221; border_width_left_phone=&#8221;20px&#8221; border_width_left_last_edited=&#8221;on|phone&#8221; sticky_enabled=&#8221;0&#8243;][et_pb_row _builder_version=&#8221;4.4.5&#8243;][et_pb_column type=&#8221;4_4&#8243; _builder_version=&#8221;4.4.5&#8243;][et_pb_text _builder_version=&#8221;4.4.5&#8243; text_text_color=&#8221;#ffffff&#8221; text_font_size=&#8221;20px&#8221; text_line_height=&#8221;2em&#8221; text_font_size_tablet=&#8221;&#8221; text_font_size_phone=&#8221;16px&#8221; text_font_size_last_edited=&#8221;on|phone&#8221;]<\/p>\n<p>Using our solutions, we guarantee that <strong>quality<\/strong> will be maintained throughout the project\u2019s entire lifespan, which we achieve by introducing innovations and systems that improve and optimise the farm\u2019s production process.&nbsp;<\/p>\n<p>[\/et_pb_text][\/et_pb_column][\/et_pb_row][\/et_pb_section][et_pb_section fb_built=&#8221;1&#8243; _builder_version=&#8221;4.4.5&#8243; background_image=&#8221;https:\/\/prodes.info\/wp-content\/uploads\/2020\/02\/bg-4.png&#8221; background_size=&#8221;initial&#8221; background_position=&#8221;bottom_right&#8221; custom_padding=&#8221;||73px|||&#8221;][et_pb_row _builder_version=&#8221;4.4.5&#8243;][et_pb_column type=&#8221;4_4&#8243; _builder_version=&#8221;4.4.5&#8243;][et_pb_text _builder_version=&#8221;4.6.1&#8243; text_font=&#8221;||||||||&#8221; text_text_color=&#8221;#f9b31f&#8221; text_letter_spacing=&#8221;2px&#8221; header_font=&#8221;Lato|700|||||||&#8221; header_text_color=&#8221;#48424c&#8221; header_font_size=&#8221;40px&#8221; header_2_font=&#8221;Lato|700|||||||&#8221; header_2_text_color=&#8221;#070706&#8243; header_2_font_size=&#8221;40px&#8221; header_2_letter_spacing=&#8221;2px&#8221; header_2_line_height=&#8221;1.2em&#8221; header_5_font=&#8221;Oswald|||on|||||&#8221; header_5_text_color=&#8221;rgba(0,0,0,0.4)&#8221; header_5_font_size=&#8221;20px&#8221; header_5_letter_spacing=&#8221;3px&#8221; text_orientation=&#8221;center&#8221; max_width=&#8221;600px&#8221; module_alignment=&#8221;center&#8221; custom_margin=&#8221;||23px|||&#8221; hover_enabled=&#8221;0&#8243; text_line_height_last_edited=&#8221;off|desktop&#8221; header_font_size_tablet=&#8221;&#8221; header_font_size_phone=&#8221;30px&#8221; header_font_size_last_edited=&#8221;on|phone&#8221; header_2_font_size_tablet=&#8221;&#8221; header_2_font_size_phone=&#8221;30px&#8221; header_2_font_size_last_edited=&#8221;on|phone&#8221; sticky_enabled=&#8221;0&#8243;]<\/p>\n<p>PRODES<\/p>\n<h2><strong>How we work<\/strong><\/h2>\n<p>&nbsp;<\/p>\n<p>[\/et_pb_text][et_pb_divider divider_weight=&#8221;2px&#8221; _builder_version=&#8221;4.6.1&#8243; width=&#8221;100px&#8221; module_alignment=&#8221;center&#8221; hover_enabled=&#8221;0&#8243; color=&#8221;#f9b31f&#8221; sticky_enabled=&#8221;0&#8243;][\/et_pb_divider][\/et_pb_column][\/et_pb_row][et_pb_row column_structure=&#8221;3_5,2_5&#8243; _builder_version=&#8221;4.4.5&#8243; custom_padding=&#8221;||87px|||&#8221;][et_pb_column type=&#8221;3_5&#8243; _builder_version=&#8221;4.4.5&#8243;][et_pb_blurb use_icon=&#8221;on&#8221; font_icon=&#8221;%%61%%&#8221; icon_placement=&#8221;left&#8221; _builder_version=&#8221;4.6.1&#8243; body_font_size=&#8221;16px&#8221; body_line_height=&#8221;1.9em&#8221; hover_enabled=&#8221;0&#8243; icon_color=&#8221;#f9b31f&#8221; sticky_enabled=&#8221;0&#8243;]<\/p>\n<p><strong>On-site control and monitoring<\/strong> of the work in progress, backed up by drone mapping and topographic monitoring.<\/p>\n<p>[\/et_pb_blurb][et_pb_blurb use_icon=&#8221;on&#8221; font_icon=&#8221;%%61%%&#8221; icon_placement=&#8221;left&#8221; _builder_version=&#8221;4.6.1&#8243; body_font_size=&#8221;16px&#8221; body_line_height=&#8221;1.9em&#8221; hover_enabled=&#8221;0&#8243; icon_color=&#8221;#f9b31f&#8221; sticky_enabled=&#8221;0&#8243;]<\/p>\n<p><strong>On-site control and monitoring<\/strong> of the work in progress, backed up by drone mapping and topographic monitoring.<\/p>\n<p>[\/et_pb_blurb][et_pb_blurb use_icon=&#8221;on&#8221; font_icon=&#8221;%%61%%&#8221; icon_placement=&#8221;left&#8221; _builder_version=&#8221;4.6.1&#8243; body_font_size=&#8221;16px&#8221; body_line_height=&#8221;1.9em&#8221; hover_enabled=&#8221;0&#8243; icon_color=&#8221;#f9b31f&#8221; sticky_enabled=&#8221;0&#8243;]<\/p>\n<p><strong>Commissioning and final delivery of the infrastructure<\/strong><\/p>\n<p>[\/et_pb_blurb][et_pb_divider divider_weight=&#8221;2px&#8221; _builder_version=&#8221;4.6.1&#8243; width=&#8221;100px&#8221; module_alignment=&#8221;center&#8221; hover_enabled=&#8221;0&#8243; color=&#8221;#f9b31f&#8221; sticky_enabled=&#8221;0&#8243;][\/et_pb_divider][et_pb_text _builder_version=&#8221;4.4.7&#8243; text_font_size=&#8221;16px&#8221; text_line_height=&#8221;2em&#8221;]<\/p>\n<p style=\"text-align: justify;\">We offer our customers a <strong>comprehensive and tailor-made solution<\/strong> based on the needs of each project. We carry out each stage in the construction process accurately, achieving maximum cost savings and in strict fulfilment of established deadlines.&nbsp;<\/p>\n<p style=\"text-align: justify;\">With our solutions, we minimise risks of a technical nature, we prevent errors occurring during structure construction that may lead to a slowdown in the process or an increase in costs, and we make sure that, among other aspects, all current regulations and laws are complied with.<\/p>\n<p>[\/et_pb_text][\/et_pb_column][et_pb_column type=&#8221;2_5&#8243; _builder_version=&#8221;4.4.5&#8243;][et_pb_image src=&#8221;https:\/\/prodes.info\/wp-content\/uploads\/2020\/05\/aplicacion.jpg&#8221; alt=&#8221;Como trabajamos &#8221; title_text=&#8221;Como trabajamos en Option Engineering&#8221; _builder_version=&#8221;4.4.8&#8243; box_shadow_style=&#8221;preset3&#8243;][\/et_pb_image][\/et_pb_column][\/et_pb_row][et_pb_row column_structure=&#8221;1_2,1_2&#8243; use_custom_gutter=&#8221;on&#8221; gutter_width=&#8221;2&#8243; make_equal=&#8221;on&#8221; _builder_version=&#8221;4.4.7&#8243; max_width=&#8221;2560px&#8221;][et_pb_column type=&#8221;1_2&#8243; _builder_version=&#8221;4.4.5&#8243;][et_pb_image src=&#8221;https:\/\/prodes.info\/wp-content\/uploads\/2020\/05\/construccion-granjas-porcinas.jpg&#8221; alt=&#8221;Construcci\u00f3n granjas porcinas&#8221; title_text=&#8221;Construcci\u00f3n de granjas porcinas&#8221; _builder_version=&#8221;4.4.8&#8243;][\/et_pb_image][\/et_pb_column][et_pb_column type=&#8221;1_2&#8243; _builder_version=&#8221;4.4.5&#8243;][et_pb_image src=&#8221;https:\/\/prodes.info\/wp-content\/uploads\/2020\/05\/vista-aerea-construccion.jpg&#8221; alt=&#8221;Construcci\u00f3n naves ganaderas&#8221; title_text=&#8221;Construcci\u00f3n de naves ganaderas&#8221; _builder_version=&#8221;4.4.8&#8243;][\/et_pb_image][\/et_pb_column][\/et_pb_row][\/et_pb_section][et_pb_section fb_built=&#8221;1&#8243; admin_label=&#8221;Listings&#8221; _builder_version=&#8221;4.6.1&#8243; custom_margin=&#8221;1px|||||&#8221; custom_padding=&#8221;0px||88px||false|false&#8221; bottom_divider_style=&#8221;ramp&#8221; bottom_divider_color=&#8221;#f4f4f4&#8243; hover_enabled=&#8221;0&#8243; sticky_enabled=&#8221;0&#8243;][\/et_pb_section][et_pb_section fb_built=&#8221;1&#8243; admin_label=&#8221;Learn Section&#8221; _builder_version=&#8221;4.6.1&#8243; background_color=&#8221;#f4f4f4&#8243; background_image=&#8221;https:\/\/prodes.info\/wp-content\/uploads\/2020\/02\/bg-4.png&#8221; background_size=&#8221;initial&#8221; background_position=&#8221;top_left&#8221; custom_padding=&#8221;80px|0px|200px|0px|false|false&#8221; bottom_divider_style=&#8221;ramp&#8221; bottom_divider_color=&#8221;#070706&#8243; bottom_divider_flip=&#8221;horizontal&#8221; global_module=&#8221;972&#8243; saved_tabs=&#8221;all&#8221; locked=&#8221;off&#8221;][et_pb_row _builder_version=&#8221;3.25&#8243; custom_padding=&#8221;||13px|||&#8221;][et_pb_column type=&#8221;4_4&#8243; _builder_version=&#8221;3.25&#8243; custom_padding=&#8221;|||&#8221; custom_padding__hover=&#8221;|||&#8221;][et_pb_text _builder_version=&#8221;4.6.1&#8243; text_font=&#8221;Lora||||||||&#8221; text_font_size=&#8221;18px&#8221; text_line_height=&#8221;2em&#8221; header_font=&#8221;||||||||&#8221; header_2_font=&#8221;Lora|700|||||||&#8221; header_2_font_size=&#8221;50px&#8221; header_2_line_height=&#8221;1.5em&#8221; header_5_font=&#8221;Oswald|||on|||||&#8221; header_5_text_color=&#8221;rgba(255,255,255,0.4)&#8221; header_5_font_size=&#8221;20px&#8221; header_5_letter_spacing=&#8221;3px&#8221; header_5_line_height=&#8221;1.7em&#8221; text_orientation=&#8221;center&#8221; background_layout=&#8221;dark&#8221; max_width=&#8221;750px&#8221; module_alignment=&#8221;center&#8221; custom_padding=&#8221;|||&#8221; text_line_height_last_edited=&#8221;off|desktop&#8221; header_2_font_size_tablet=&#8221;&#8221; header_2_font_size_phone=&#8221;36px&#8221; header_2_font_size_last_edited=&#8221;on|desktop&#8221;]<\/p>\n<h5><img loading=\"lazy\" decoding=\"async\" src=\"https:\/\/prodes.info\/wp-content\/uploads\/2022\/01\/prodes-logo-300x152.png\" width=\"234\" height=\"118\" alt=\"\" class=\"wp-image-1269 alignnone size-medium\" srcset=\"https:\/\/prodes.info\/wp-content\/uploads\/2022\/01\/prodes-logo-300x152.png 300w, https:\/\/prodes.info\/wp-content\/uploads\/2022\/01\/prodes-logo.png 350w\" sizes=\"auto, (max-width: 234px) 100vw, 234px\" \/><\/h5>\n<h2><\/h2>\n<p>[\/et_pb_text][et_pb_text _builder_version=&#8221;4.6.1&#8243; text_font=&#8221;|300|||||||&#8221; text_text_color=&#8221;#070706&#8243; text_font_size=&#8221;20px&#8221; text_line_height=&#8221;2em&#8221; link_font=&#8221;||||||||&#8221; ul_font=&#8221;||||||||&#8221; ol_font=&#8221;||||||||&#8221; quote_font=&#8221;||||||||&#8221; header_font=&#8221;||||||||&#8221; header_2_font=&#8221;||||||||&#8221; header_3_font=&#8221;Oswald|||on|||||&#8221; header_3_font_size=&#8221;20px&#8221; header_3_letter_spacing=&#8221;3px&#8221; header_3_line_height=&#8221;1.5em&#8221; header_4_font=&#8221;||||||||&#8221; text_orientation=&#8221;center&#8221; background_layout=&#8221;dark&#8221; module_alignment=&#8221;center&#8221; text_font_size_tablet=&#8221;&#8221; text_font_size_phone=&#8221;16px&#8221; text_font_size_last_edited=&#8221;on|phone&#8221; text_line_height_last_edited=&#8221;off|desktop&#8221;]<\/p>\n<p>We are <strong>consultant engineers specialising<\/strong> in farm construction project management&nbsp;<\/p>\n<p>[\/et_pb_text][\/et_pb_column][\/et_pb_row][et_pb_row column_structure=&#8221;1_2,1_2&#8243; use_custom_gutter=&#8221;on&#8221; gutter_width=&#8221;2&#8243; make_equal=&#8221;on&#8221; _builder_version=&#8221;4.4.7&#8243;][et_pb_column type=&#8221;1_2&#8243; _builder_version=&#8221;4.3.2&#8243; background_color=&#8221;rgba(220,227,236,0.38)&#8221; custom_padding=&#8221;5%|5%|5%|5%|true|true&#8221;][et_pb_image src=&#8221;https:\/\/prodes.info\/wp-content\/uploads\/2020\/02\/icon-localizacion.png&#8221; alt=&#8221;Donde estamos&#8221; title_text=&#8221;Donde estamos&#8221; align=&#8221;center&#8221; _builder_version=&#8221;4.4.8&#8243; width=&#8221;80px&#8221; animation_style=&#8221;fold&#8221;][\/et_pb_image][et_pb_text _builder_version=&#8221;4.4.7&#8243; text_font=&#8221;|700|||||||&#8221; text_text_color=&#8221;#48424c&#8221; text_font_size=&#8221;20px&#8221; link_font=&#8221;||||||||&#8221; ul_font=&#8221;||||||||&#8221; ol_font=&#8221;||||||||&#8221; quote_font=&#8221;||||||||&#8221; header_font=&#8221;||||||||&#8221; header_2_font=&#8221;||||||||&#8221; header_3_font=&#8221;Oswald|||on|||||&#8221; header_3_font_size=&#8221;20px&#8221; header_3_letter_spacing=&#8221;3px&#8221; header_3_line_height=&#8221;1.5em&#8221; header_4_font=&#8221;||||||||&#8221; text_orientation=&#8221;center&#8221; background_layout=&#8221;dark&#8221; module_alignment=&#8221;center&#8221; text_line_height_last_edited=&#8221;off|desktop&#8221;]<\/p>\n<p><span>PCiTAL-Parc de Gardeny, edificio TIC, despacho 12, 25003-Lleida<\/span><\/p>\n<p>[\/et_pb_text][\/et_pb_column][et_pb_column type=&#8221;1_2&#8243; _builder_version=&#8221;4.3.2&#8243; background_color=&#8221;rgba(220,227,236,0.38)&#8221; custom_padding=&#8221;5%|5%|5%|5%|true|true&#8221;][et_pb_image src=&#8221;https:\/\/prodes.info\/wp-content\/uploads\/2020\/02\/icon-mail.png&#8221; alt=&#8221;Contacta con nosotros&#8221; title_text=&#8221;Contacta con nosotros&#8221; align=&#8221;center&#8221; _builder_version=&#8221;4.4.8&#8243; width=&#8221;80px&#8221; animation_style=&#8221;fold&#8221;][\/et_pb_image][et_pb_text _builder_version=&#8221;4.4.7&#8243; text_font=&#8221;|700|||||||&#8221; text_text_color=&#8221;#48424c&#8221; text_font_size=&#8221;20px&#8221;]<\/p>\n<p style=\"text-align: center;\">info@prodes.info<\/p>\n<p>[\/et_pb_text][\/et_pb_column][\/et_pb_row][\/et_pb_section][et_pb_section fb_built=&#8221;1&#8243; admin_label=&#8221;Footer Section&#8221; _builder_version=&#8221;4.6.1&#8243; background_color=&#8221;#232220&#8243; use_background_color_gradient=&#8221;on&#8221; background_color_gradient_start=&#8221;#070706&#8243; background_color_gradient_end=&#8221;rgba(35,34,32,0.13)&#8221; background_color_gradient_start_position=&#8221;25%&#8221; background_color_gradient_overlays_image=&#8221;on&#8221; background_image=&#8221;https:\/\/prodes.info\/wp-content\/uploads\/2020\/02\/dots-3.png&#8221; custom_padding=&#8221;80px|0px|80px|0px|true|false&#8221; global_module=&#8221;1005&#8243; saved_tabs=&#8221;all&#8221;][et_pb_row column_structure=&#8221;1_5,3_5,1_5&#8243; admin_label=&#8221;subscribe&#8221; _builder_version=&#8221;4.3.2&#8243; custom_margin=&#8221;|||&#8221; custom_padding=&#8221;|||&#8221; animation_style=&#8221;slide&#8221; animation_direction=&#8221;bottom&#8221; animation_intensity_slide=&#8221;20%&#8221; animation_starting_opacity=&#8221;100%&#8221;][et_pb_column type=&#8221;1_5&#8243; _builder_version=&#8221;3.25&#8243; custom_padding=&#8221;|||&#8221; custom_padding__hover=&#8221;|||&#8221;][\/et_pb_column][et_pb_column type=&#8221;3_5&#8243; _builder_version=&#8221;3.25&#8243; custom_padding=&#8221;|||&#8221; custom_padding__hover=&#8221;|||&#8221;][et_pb_text _builder_version=&#8221;4.3.2&#8243; text_font=&#8221;||||||||&#8221; text_text_color=&#8221;#dce3ec&#8221; text_letter_spacing=&#8221;2px&#8221; header_font=&#8221;||||||||&#8221; header_2_font=&#8221;Lato|700|||||||&#8221; header_2_text_color=&#8221;#ffffff&#8221; header_2_font_size=&#8221;50px&#8221; header_2_letter_spacing=&#8221;2px&#8221; header_2_line_height=&#8221;1.2em&#8221; header_5_font=&#8221;Oswald|||on|||||&#8221; header_5_text_color=&#8221;rgba(0,0,0,0.4)&#8221; header_5_font_size=&#8221;20px&#8221; header_5_letter_spacing=&#8221;3px&#8221; text_orientation=&#8221;center&#8221; max_width=&#8221;600px&#8221; module_alignment=&#8221;center&#8221; text_line_height_last_edited=&#8221;off|desktop&#8221; header_2_font_size_tablet=&#8221;&#8221; header_2_font_size_phone=&#8221;30px&#8221; header_2_font_size_last_edited=&#8221;on|phone&#8221;]<\/p>\n<p>We\u2019d love to hear from you<\/p>\n<h2>Tell us about your project<\/h2>\n<p>[\/et_pb_text][\/et_pb_column][et_pb_column type=&#8221;1_5&#8243; _builder_version=&#8221;3.25&#8243; custom_padding=&#8221;|||&#8221; custom_padding__hover=&#8221;|||&#8221;][\/et_pb_column][\/et_pb_row][et_pb_row column_structure=&#8221;1_2,1_2&#8243; _builder_version=&#8221;4.4.7&#8243;][et_pb_column type=&#8221;1_2&#8243; _builder_version=&#8221;4.4.7&#8243;][et_pb_code _builder_version=&#8221;4.3.2&#8243;]<div class=\"wpcf7 no-js\" id=\"wpcf7-f8-o1\" lang=\"es-ES\" dir=\"ltr\">\n<div class=\"screen-reader-response\"><p role=\"status\" aria-live=\"polite\" aria-atomic=\"true\"><\/p> <ul><\/ul><\/div>\n<form action=\"\/en\/wp-json\/wp\/v2\/pages\/1516#wpcf7-f8-o1\" method=\"post\" class=\"wpcf7-form init wpcf7-acceptance-as-validation\" aria-label=\"Formulario de contacto\" novalidate=\"novalidate\" data-status=\"init\">\n<div style=\"display: none;\">\n<input type=\"hidden\" name=\"_wpcf7\" value=\"8\" \/>\n<input type=\"hidden\" name=\"_wpcf7_version\" value=\"5.7\" \/>\n<input type=\"hidden\" name=\"_wpcf7_locale\" value=\"es_ES\" \/>\n<input type=\"hidden\" name=\"_wpcf7_unit_tag\" value=\"wpcf7-f8-o1\" \/>\n<input type=\"hidden\" name=\"_wpcf7_container_post\" value=\"0\" \/>\n<input type=\"hidden\" name=\"_wpcf7_posted_data_hash\" value=\"\" \/>\n<\/div>\n<p>https:\/\/prodes.info\n<\/p><div class=\"wpcf7-response-output\" aria-hidden=\"true\"><\/div><\/form><\/div>[\/et_pb_code][\/et_pb_column][et_pb_column type=&#8221;1_2&#8243; _builder_version=&#8221;4.4.7&#8243;][et_pb_text _builder_version=&#8221;4.4.7&#8243; text_text_color=&#8221;#ffffff&#8221;]<\/p>\n<table width=\"100%\">\n<tbody>\n<tr>\n<td colspan=\"2\"><strong>INFORMACI\u00d3N B\u00c1SICA SOBRE PROTECCI\u00d3N DE DATOS<\/strong><\/td>\n<\/tr>\n<tr>\n<td><strong>Responsable del tratamiento<\/strong><\/td>\n<td>OPTION ENGINEERING S.L.<\/td>\n<\/tr>\n<tr>\n<td><strong>Direcci\u00f3n del responsable<\/strong><\/td>\n<td>PCiTal-Parc Gardeny , despacho 12, 25003-Lleida<\/td>\n<\/tr>\n<tr>\n<td><strong>Finalidad<\/strong><\/td>\n<td>Sus datos ser\u00e1n usados para poder atender sus solicitudes y prestarle nuestros servicios.<\/td>\n<\/tr>\n<tr>\n<td><strong>Publicidad<\/strong><\/td>\n<td>Solo le enviaremos publicidad con su autorizaci\u00f3n previa, que podr\u00e1 facilitarnos mediante la casilla correspondiente establecida al efecto.<\/td>\n<\/tr>\n<tr>\n<td><strong>Legitimaci\u00f3n<\/strong><\/td>\n<td>\u00danicamente trataremos sus datos con su consentimiento previo, que podr\u00e1 facilitarnos mediante la casilla correspondiente establecida al efecto.<\/td>\n<\/tr>\n<tr>\n<td><strong>Destinatarios<\/strong><\/td>\n<td>Con car\u00e1cter general, s\u00f3lo el personal de nuestra entidad que est\u00e9 debidamente autorizado podr\u00e1 tener conocimiento de la informaci\u00f3n que le pedimos.<\/td>\n<\/tr>\n<tr>\n<td><strong>Derechos<\/strong><\/td>\n<td>Tiene derecho a saber qu\u00e9 informaci\u00f3n tenemos sobre usted, corregirla y eliminarla, tal y como se explica en la informaci\u00f3n adicional disponible en nuestra p\u00e1gina web.<\/td>\n<\/tr>\n<tr>\n<td><strong>Informaci\u00f3n adicional<\/strong><\/td>\n<td>M\u00e1s informaci\u00f3n en el apartado <strong>\u201c<a href=\"https:\/\/prodes.info\/en\/legal-notice-privacy-policy-and-data-protection\/\" target=\"_blank\" rel=\"noopener noreferrer\">SUS DATOS SEGUROS<\/a>\u201d<\/strong> de nuestra p\u00e1gina web.<\/td>\n<\/tr>\n<\/tbody>\n<\/table>\n<p>\u00a0[\/et_pb_text][\/et_pb_column][\/et_pb_row][\/et_pb_section]<\/p>\n","protected":false},"excerpt":{"rendered":"<p>During the construction stage, we typically have to co-ordinate around 60 supplier companies and their various work teams, which, on average, means handling a team of 50 people on site. By implementing exhaustive monitoring of building execution, a highly experienced team and the best technical means, our projects are completed with total success.PRODES We are [&hellip;]<\/p>\n","protected":false},"author":1,"featured_media":0,"parent":0,"menu_order":0,"comment_status":"closed","ping_status":"closed","template":"","meta":{"_et_pb_use_builder":"on","_et_pb_old_content":"","_et_gb_content_width":"","footnotes":""},"class_list":["post-1516","page","type-page","status-publish","hentry"],"_links":{"self":[{"href":"https:\/\/prodes.info\/en\/wp-json\/wp\/v2\/pages\/1516","targetHints":{"allow":["GET"]}}],"collection":[{"href":"https:\/\/prodes.info\/en\/wp-json\/wp\/v2\/pages"}],"about":[{"href":"https:\/\/prodes.info\/en\/wp-json\/wp\/v2\/types\/page"}],"author":[{"embeddable":true,"href":"https:\/\/prodes.info\/en\/wp-json\/wp\/v2\/users\/1"}],"replies":[{"embeddable":true,"href":"https:\/\/prodes.info\/en\/wp-json\/wp\/v2\/comments?post=1516"}],"version-history":[{"count":2,"href":"https:\/\/prodes.info\/en\/wp-json\/wp\/v2\/pages\/1516\/revisions"}],"predecessor-version":[{"id":1518,"href":"https:\/\/prodes.info\/en\/wp-json\/wp\/v2\/pages\/1516\/revisions\/1518"}],"wp:attachment":[{"href":"https:\/\/prodes.info\/en\/wp-json\/wp\/v2\/media?parent=1516"}],"curies":[{"name":"wp","href":"https:\/\/api.w.org\/{rel}","templated":true}]}}